{"id":2564,"date":"2025-09-23T04:04:22","date_gmt":"2025-09-23T04:04:22","guid":{"rendered":"http:\/\/localhost\/bizzen\/?page_id=2564"},"modified":"2025-12-02T14:42:36","modified_gmt":"2025-12-02T14:42:36","slug":"blog-2","status":"publish","type":"page","link":"https:\/\/www.wecoffice.com\/en\/blog-2\/","title":{"rendered":"Blog"},"content":{"rendered":"<div data-elementor-type=\"wp-page\" data-elementor-id=\"2564\" class=\"elementor elementor-2564\">\n\t\t\t\t<div class=\"elementor-element elementor-element-da82e47 e-con-full e-flex e-con e-parent\" data-id=\"da82e47\" data-element_type=\"container\">\n\t\t\t\t<div class=\"elementor-element elementor-element-4eacb67 elementor-widget elementor-widget-blogpost\" data-id=\"4eacb67\" data-element_type=\"widget\" data-widget_type=\"blogpost.default\">\n\t\t\t\t<div class=\"elementor-widget-container\">\n\t\t\t\t\t\r\n        \r\n            \r\n                    <section class=\"bizzen-blog-sec pt-115 pb-80\">\r\n                        <div class=\"container\">\r\n                                                         <div class=\"row justify-content-center\">\r\n\r\n                                                            <div class=\"col-xl-4 col-md-6 col-sm-12\">\r\n                                    <div class=\"bizzen-blog-post-item style-two mb-40\" data-aos=\"fade-up\" data-aos-duration=\"1000\">\r\n                                        <div class=\"post-thumbnail\">\r\n                                            <img fetchpriority=\"high\" decoding=\"async\" width=\"1000\" height=\"667\" src=\"https:\/\/www.wecoffice.com\/wp-content\/uploads\/2025\/09\/1626.jpg\" class=\"attachment-3260 size-3260 wp-post-image\" alt=\"\" full=\"\" srcset=\"https:\/\/www.wecoffice.com\/wp-content\/uploads\/2025\/09\/1626.jpg 1000w, https:\/\/www.wecoffice.com\/wp-content\/uploads\/2025\/09\/1626-300x200.jpg 300w, https:\/\/www.wecoffice.com\/wp-content\/uploads\/2025\/09\/1626-768x512.jpg 768w\" sizes=\"(max-width: 1000px) 100vw, 1000px\" \/>                                            <div class=\"date\">27 <span>Sep<\/span><\/div>\r\n                                        <\/div>\r\n                                        <div class=\"post-content\">\r\n                                            <div class=\"post-meta\">\r\n                                                <span><i class=\"far fa-user\"><\/i>By  cemil@monopenta.com<\/span>\r\n                                                <span><i class=\"far fa-comments\"><\/i>No Comments<\/span>\r\n                                            <\/div>\r\n                                            <h4 class=\"title\"><a href=\"https:\/\/www.wecoffice.com\/en\/tarla-yatirimi-neden-hala-en-guvenli-gayrimenkul-seceneklerinden-biri\/\">Tarla Yat\u0131r\u0131m\u0131 Neden H\u00e2l\u00e2 En G\u00fcvenli Gayrimenkul Se\u00e7eneklerinden Biri?<\/a><\/h4>\r\n                                                                                             \r\n                                            <p>Son y\u0131llarda de\u011fi\u015fen ekonomi dinamikleri, yat\u0131r\u0131mc\u0131lar\u0131 daha g\u00fcvenli ve s\u00fcrd\u00fcr\u00fclebilir yat\u0131r\u0131m ara\u00e7lar\u0131na y\u00f6nlendirdi. Bu s\u00fcre\u00e7te<\/p>\r\n                                              \r\n                                            <a href=\"https:\/\/www.wecoffice.com\/en\/tarla-yatirimi-neden-hala-en-guvenli-gayrimenkul-seceneklerinden-biri\/\" class=\"read-more style-one\">READ MORE <i class=\"far fa-arrow-right\"><\/i><\/a>\r\n                                        <\/div>\r\n                                    <\/div>\r\n                                <\/div>\r\n                                                                <div class=\"col-xl-4 col-md-6 col-sm-12\">\r\n                                    <div class=\"bizzen-blog-post-item style-two mb-40\" data-aos=\"fade-up\" data-aos-duration=\"1000\">\r\n                                        <div class=\"post-thumbnail\">\r\n                                                                                        <div class=\"date\">26 <span>Sep<\/span><\/div>\r\n                                        <\/div>\r\n                                        <div class=\"post-content\">\r\n                                            <div class=\"post-meta\">\r\n                                                <span><i class=\"far fa-user\"><\/i>By  cemil@monopenta.com<\/span>\r\n                                                <span><i class=\"far fa-comments\"><\/i>No Comments<\/span>\r\n                                            <\/div>\r\n                                            <h4 class=\"title\"><a href=\"https:\/\/www.wecoffice.com\/en\/ticari-arsa-secerken-dikkat-edilmesi-gereken-7-kritik-nokta\/\">Ticari Arsa Se\u00e7erken Dikkat Edilmesi Gereken 7 Kritik Nokta<\/a><\/h4>\r\n                                                                                             \r\n                                            <p>Ticari arsa sat\u0131n almak; uzun vadeli planlama, do\u011fru analiz ve profesyonel dan\u0131\u015fmanl\u0131k gerektiren ciddi bir<\/p>\r\n                                              \r\n                                            <a href=\"https:\/\/www.wecoffice.com\/en\/ticari-arsa-secerken-dikkat-edilmesi-gereken-7-kritik-nokta\/\" class=\"read-more style-one\">READ MORE <i class=\"far fa-arrow-right\"><\/i><\/a>\r\n                                        <\/div>\r\n                                    <\/div>\r\n                                <\/div>\r\n                                                                <div class=\"col-xl-4 col-md-6 col-sm-12\">\r\n                                    <div class=\"bizzen-blog-post-item style-two mb-40\" data-aos=\"fade-up\" data-aos-duration=\"1000\">\r\n                                        <div class=\"post-thumbnail\">\r\n                                                                                        <div class=\"date\">26 <span>Sep<\/span><\/div>\r\n                                        <\/div>\r\n                                        <div class=\"post-content\">\r\n                                            <div class=\"post-meta\">\r\n                                                <span><i class=\"far fa-user\"><\/i>By  cemil@monopenta.com<\/span>\r\n                                                <span><i class=\"far fa-comments\"><\/i>No Comments<\/span>\r\n                                            <\/div>\r\n                                            <h4 class=\"title\"><a href=\"https:\/\/www.wecoffice.com\/en\/konut-ve-villa-kiralamada-dogru-karar-vermek-icin-bilmeniz-gerekenler\/\">Konut ve Villa Kiralamada Do\u011fru Karar Vermek \u0130\u00e7in Bilmeniz Gerekenler<\/a><\/h4>\r\n                                                                                             \r\n                                            <p>Yeni bir eve ta\u015f\u0131nmak, yaln\u0131zca fiziksel bir de\u011fi\u015fim de\u011fil; ya\u015fam kalitesini, g\u00fcnl\u00fck al\u0131\u015fkanl\u0131klar\u0131 ve gelece\u011fe<\/p>\r\n                                              \r\n                                            <a href=\"https:\/\/www.wecoffice.com\/en\/konut-ve-villa-kiralamada-dogru-karar-vermek-icin-bilmeniz-gerekenler\/\" class=\"read-more style-one\">READ MORE <i class=\"far fa-arrow-right\"><\/i><\/a>\r\n                                        <\/div>\r\n                                    <\/div>\r\n                                <\/div>\r\n                                \r\n                            <\/div>\r\n                        <\/div>\r\n                    <\/section>\r\n\r\n            \r\n        \r\n\r\n       \t\t\t\t<\/div>\n\t\t\t\t<\/div>\n\t\t\t\t<\/div>\n\t\t\t\t<\/div>","protected":false},"excerpt":{"rendered":"<p>26 Sep By bizzen No Comments Why every entrepreneur needs solid digital marketing In the first place we have granted to God, and by this our present charter READ MORE 26 Sep By bizzen No Comments Mastering change management kye lessons for businesses In the first place we have granted to God, and by this [&hellip;]<\/p>","protected":false},"author":1,"featured_media":0,"parent":0,"menu_order":0,"comment_status":"closed","ping_status":"closed","template":"elementor_header_footer","meta":{"_acf_changed":false,"footnotes":""},"class_list":["post-2564","page","type-page","status-publish","hentry"],"acf":[],"_links":{"self":[{"href":"https:\/\/www.wecoffice.com\/en\/wp-json\/wp\/v2\/pages\/2564","targetHints":{"allow":["GET"]}}],"collection":[{"href":"https:\/\/www.wecoffice.com\/en\/wp-json\/wp\/v2\/pages"}],"about":[{"href":"https:\/\/www.wecoffice.com\/en\/wp-json\/wp\/v2\/types\/page"}],"author":[{"embeddable":true,"href":"https:\/\/www.wecoffice.com\/en\/wp-json\/wp\/v2\/users\/1"}],"replies":[{"embeddable":true,"href":"https:\/\/www.wecoffice.com\/en\/wp-json\/wp\/v2\/comments?post=2564"}],"version-history":[{"count":2,"href":"https:\/\/www.wecoffice.com\/en\/wp-json\/wp\/v2\/pages\/2564\/revisions"}],"predecessor-version":[{"id":3821,"href":"https:\/\/www.wecoffice.com\/en\/wp-json\/wp\/v2\/pages\/2564\/revisions\/3821"}],"wp:attachment":[{"href":"https:\/\/www.wecoffice.com\/en\/wp-json\/wp\/v2\/media?parent=2564"}],"curies":[{"name":"wp","href":"https:\/\/api.w.org\/{rel}","templated":true}]}}