{"id":2525,"date":"2025-09-23T02:12:07","date_gmt":"2025-09-23T02:12:07","guid":{"rendered":"http:\/\/localhost\/bizzen\/?page_id=2525"},"modified":"2025-12-23T12:49:37","modified_gmt":"2025-12-23T12:49:37","slug":"hizmetlerimiz","status":"publish","type":"page","link":"https:\/\/www.wecoffice.com\/en\/hizmetlerimiz\/","title":{"rendered":"Our Services"},"content":{"rendered":"<div data-elementor-type=\"wp-page\" data-elementor-id=\"2525\" class=\"elementor elementor-2525\">\n\t\t\t\t<div class=\"elementor-element elementor-element-fa0e592 e-con-full e-flex e-con e-parent\" data-id=\"fa0e592\" data-element_type=\"container\">\n\t\t\t\t<div class=\"elementor-element elementor-element-f3e3b34 elementor-widget elementor-widget-services\" data-id=\"f3e3b34\" data-element_type=\"widget\" data-widget_type=\"services.default\">\n\t\t\t\t<div class=\"elementor-widget-container\">\n\t\t\t\t\t\r\n                 \r\n\r\n        <section class=\"bizzen-service_one pt-115 pb-115 bg_cover\" style=\"background-image: url();\" >\r\n            <div class=\"container\">\r\n                               <div class=\"row justify-content-center\">\r\n                    <div class=\"col-xl-6 col-lg-8\">\r\n                        <!--=== Section Title ===-->\r\n                        <div class=\"section-title text-center mb-60\">\r\n                                                        <span class=\"sub-title\" data-aos=\"fade-up\" data-aos-duration=\"1000\">WE C\u2019OFFICE <\/span>\r\n                                                         <h2 class=\"text-anm\">Our Professional Real Estate Solutions<\/h2>                            \r\n                        <\/div>\r\n                    <\/div>\r\n                <\/div>\r\n                                <div class=\"row\">\r\n\r\n                                                            <div class=\"col-xl-3 col-md-6\">\r\n                        <div class=\"bizzen-service-item style-one mb-30\" data-aos=\"fade-up\" data-aos-duration=\"1000\">\r\n                            <div class=\"service-inner-content\">\r\n                                <div class=\"icon\">\r\n                                   <img decoding=\"async\" src=\"https:\/\/www.wecoffice.com\/wp-content\/uploads\/2025\/11\/650668.jpg\" alt=\"\">\r\n                                <\/div>\r\n                                <div class=\"content\">\r\n                                    <h4 class=\"title\"><a href=\"https:\/\/www.wecoffice.com\/en\/services\/bagimli-bagimsiz-danisman-is-ortakligi\/\">Dependent Independent Consultant Partnership<\/a><\/h4>\r\n                                    <p>We offer flexible and reliable consulting services to our clients through a professional partnership model.<\/p>\r\n                                    <a href=\"https:\/\/www.wecoffice.com\/en\/services\/bagimli-bagimsiz-danisman-is-ortakligi\/\" class=\"read-more style-one\">GET STARTED <i class=\"far fa-arrow-right\"><\/i><\/a>\r\n                                <\/div>\r\n                            <\/div>\r\n                        <\/div>\r\n                    <\/div>\r\n                                                                            <div class=\"col-xl-3 col-md-6\">\r\n                        <div class=\"bizzen-service-item style-one mb-30\" data-aos=\"fade-up\" data-aos-duration=\"1000\">\r\n                            <div class=\"service-inner-content\">\r\n                                <div class=\"icon\">\r\n                                   <img decoding=\"async\" src=\"https:\/\/www.wecoffice.com\/wp-content\/uploads\/2025\/11\/9535.jpg\" alt=\"\">\r\n                                <\/div>\r\n                                <div class=\"content\">\r\n                                    <h4 class=\"title\"><a href=\"https:\/\/www.wecoffice.com\/en\/services\/ticari-depo-antrepolar\/\">Commercial Warehouse<br> Warehouses<\/a><\/h4>\r\n                                    <p>We provide commercial warehouses and storage facilities in strategic locations, managing the leasing and sales processes.<\/p>\r\n                                    <a href=\"https:\/\/www.wecoffice.com\/en\/services\/ticari-depo-antrepolar\/\" class=\"read-more style-one\">GET STARTED <i class=\"far fa-arrow-right\"><\/i><\/a>\r\n                                <\/div>\r\n                            <\/div>\r\n                        <\/div>\r\n                    <\/div>\r\n                                                                            <div class=\"col-xl-3 col-md-6\">\r\n                        <div class=\"bizzen-service-item style-one mb-30\" data-aos=\"fade-up\" data-aos-duration=\"1000\">\r\n                            <div class=\"service-inner-content\">\r\n                                <div class=\"icon\">\r\n                                   <img decoding=\"async\" src=\"https:\/\/www.wecoffice.com\/wp-content\/uploads\/2025\/11\/5893-1.jpg\" alt=\"\">\r\n                                <\/div>\r\n                                <div class=\"content\">\r\n                                    <h4 class=\"title\"><a href=\"https:\/\/www.wecoffice.com\/en\/services\/konut-arsasi\/\">Residential <br>Land<\/a><\/h4>\r\n                                    <p>We analyze suitable land options and present the most accurate opportunities to investors.<\/p>\r\n                                    <a href=\"https:\/\/www.wecoffice.com\/en\/services\/konut-arsasi\/\" class=\"read-more style-one\">GET STARTED <i class=\"far fa-arrow-right\"><\/i><\/a>\r\n                                <\/div>\r\n                            <\/div>\r\n                        <\/div>\r\n                    <\/div>\r\n                                                                            <div class=\"col-xl-3 col-md-6\">\r\n                        <div class=\"bizzen-service-item style-one mb-30\" data-aos=\"fade-up\" data-aos-duration=\"1000\">\r\n                            <div class=\"service-inner-content\">\r\n                                <div class=\"icon\">\r\n                                   <img decoding=\"async\" src=\"https:\/\/www.wecoffice.com\/wp-content\/uploads\/2025\/11\/9298940-1.jpg\" alt=\"\">\r\n                                <\/div>\r\n                                <div class=\"content\">\r\n                                    <h4 class=\"title\"><a href=\"https:\/\/www.wecoffice.com\/en\/services\/gayrimenkul-degerleme-yonetim-ve-pazarlama\/\">Real Estate Appraisal Management and Marketing<\/a><\/h4>\r\n                                    <p>We determine the value of projects and maximize returns by marketing them to the right buyer.<\/p>\r\n                                    <a href=\"https:\/\/www.wecoffice.com\/en\/services\/gayrimenkul-degerleme-yonetim-ve-pazarlama\/\" class=\"read-more style-one\">GET STARTED <i class=\"far fa-arrow-right\"><\/i><\/a>\r\n                                <\/div>\r\n                            <\/div>\r\n                        <\/div>\r\n                    <\/div>\r\n                                                                            <div class=\"col-xl-3 col-md-6\">\r\n                        <div class=\"bizzen-service-item style-one mb-30\" data-aos=\"fade-up\" data-aos-duration=\"1000\">\r\n                            <div class=\"service-inner-content\">\r\n                                <div class=\"icon\">\r\n                                   <img decoding=\"async\" src=\"https:\/\/www.wecoffice.com\/wp-content\/uploads\/2025\/11\/110028-1.jpg\" alt=\"\">\r\n                                <\/div>\r\n                                <div class=\"content\">\r\n                                    <h4 class=\"title\"><a href=\"https:\/\/www.wecoffice.com\/en\/services\/arsa-alim-satim-kiralama\/\">Land Purchase,<br> Sale, and Lease<\/a><\/h4>\r\n                                    <p>We evaluate land opportunities in developing regions and offer the right solutions to investors.<\/p>\r\n                                    <a href=\"https:\/\/www.wecoffice.com\/en\/services\/arsa-alim-satim-kiralama\/\" class=\"read-more style-one\">GET STARTED <i class=\"far fa-arrow-right\"><\/i><\/a>\r\n                                <\/div>\r\n                            <\/div>\r\n                        <\/div>\r\n                    <\/div>\r\n                                                                            <div class=\"col-xl-3 col-md-6\">\r\n                        <div class=\"bizzen-service-item style-one mb-30\" data-aos=\"fade-up\" data-aos-duration=\"1000\">\r\n                            <div class=\"service-inner-content\">\r\n                                <div class=\"icon\">\r\n                                   <img decoding=\"async\" src=\"https:\/\/www.wecoffice.com\/wp-content\/uploads\/2025\/11\/60521-1.jpg\" alt=\"\">\r\n                                <\/div>\r\n                                <div class=\"content\">\r\n                                    <h4 class=\"title\"><a href=\"https:\/\/www.wecoffice.com\/en\/services\/konut-daire-villa-satim-ve-kiralama\/\">Residential Apartment Villa Sales and Rentals<\/a><\/h4>\r\n                                    <p>We offer fast and secure housing, apartment, and villa options tailored to our customers' needs.<\/p>\r\n                                    <a href=\"https:\/\/www.wecoffice.com\/en\/services\/konut-daire-villa-satim-ve-kiralama\/\" class=\"read-more style-one\">GET STARTED <i class=\"far fa-arrow-right\"><\/i><\/a>\r\n                                <\/div>\r\n                            <\/div>\r\n                        <\/div>\r\n                    <\/div>\r\n                                                                            <div class=\"col-xl-3 col-md-6\">\r\n                        <div class=\"bizzen-service-item style-one mb-30\" data-aos=\"fade-up\" data-aos-duration=\"1000\">\r\n                            <div class=\"service-inner-content\">\r\n                                <div class=\"icon\">\r\n                                   <img decoding=\"async\" src=\"https:\/\/www.wecoffice.com\/wp-content\/uploads\/2025\/11\/23030987-1.jpg\" alt=\"\">\r\n                                <\/div>\r\n                                <div class=\"content\">\r\n                                    <h4 class=\"title\"><a href=\"https:\/\/www.wecoffice.com\/en\/services\/ticari-arsa\/\">Ticari <br>Arsa<\/a><\/h4>\r\n                                    <p>We identify commercial land opportunities for businesses and investors and manage the sales\/leasing processes.<\/p>\r\n                                    <a href=\"https:\/\/www.wecoffice.com\/en\/services\/ticari-arsa\/\" class=\"read-more style-one\">GET STARTED <i class=\"far fa-arrow-right\"><\/i><\/a>\r\n                                <\/div>\r\n                            <\/div>\r\n                        <\/div>\r\n                    <\/div>\r\n                                                                            <div class=\"col-xl-3 col-md-6\">\r\n                        <div class=\"bizzen-service-item style-one mb-30\" data-aos=\"fade-up\" data-aos-duration=\"1000\">\r\n                            <div class=\"service-inner-content\">\r\n                                <div class=\"icon\">\r\n                                   <img decoding=\"async\" src=\"https:\/\/www.wecoffice.com\/wp-content\/uploads\/2025\/11\/27542575-2.jpg\" alt=\"\">\r\n                                <\/div>\r\n                                <div class=\"content\">\r\n                                    <h4 class=\"title\"><a href=\"https:\/\/www.wecoffice.com\/en\/services\/tarla\/\">Field<\/a><\/h4>\r\n                                    <p>We analyze agricultural or investment-purpose fields and provide support in the buying, selling, and leasing processes.<\/p>\r\n                                    <a href=\"https:\/\/www.wecoffice.com\/en\/services\/tarla\/\" class=\"read-more style-one\">GET STARTED <i class=\"far fa-arrow-right\"><\/i><\/a>\r\n                                <\/div>\r\n                            <\/div>\r\n                        <\/div>\r\n                    <\/div>\r\n                                    \r\n                <\/div>\r\n                             <\/div>\r\n        <\/section>\r\n\r\n\r\n\r\n        \r\n    \t\t\t\t<\/div>\n\t\t\t\t<\/div>\n\t\t\t\t<\/div>\n\t\t<div class=\"elementor-element elementor-element-46d7e53 e-con-full e-flex e-con e-parent\" data-id=\"46d7e53\" data-element_type=\"container\">\n\t\t\t\t<div class=\"elementor-element elementor-element-4573543 elementor-widget elementor-widget-features\" data-id=\"4573543\" data-element_type=\"widget\" data-widget_type=\"features.default\">\n\t\t\t\t<div class=\"elementor-widget-container\">\n\t\t\t\t\t\r\n\r\n        \r\n        <section class=\"bizzen-about-service pt-115 pb-70\">\r\n            <div class=\"container\">\r\n                <div class=\"row\">\r\n                    <div class=\"col-lg-6\">\r\n                        <!-- Bizzen Content Box -->\r\n                        <div class=\"bizzen-content-box mb-5 mb-xl-0\">\r\n                            <div class=\"section-title mb-4\">\r\n                                                                <span class=\"sub-title\" data-aos=\"fade-down\" data-aos-duration=\"800\">WeC'office<\/span>\r\n                                                             <h2 class=\"text-anm\">Value-Added Real Estate Solutions<\/h2>                                             \r\n                            <\/div>\r\n                                                        <p class=\"mb-30\" data-aos=\"fade-up\" data-aos-duration=\"1000\">\nWe offer long-term and reliable agricultural investment opportunities. We professionally research criteria such as field selection, regional value analysis, and future development potential to provide our customers with the right guidance.<\/p>\r\n                                                        <div class=\"bizzen-button\" data-aos=\"fade-up\" data-aos-duration=\"1200\">\r\n                                <a href=\"https:\/\/www.wecoffice.com\/en\/iletisim\/\" target=\"_self\" rel=\"nofollow\" class=\"theme-btn style-one\">Contact<i class=\"far fa-arrow-right\"><\/i><\/a>\r\n                            <\/div>\r\n                        <\/div>\r\n                    <\/div>\r\n                    <div class=\"col-lg-6\">\r\n                        <div class=\"bizzen-features-list\">\r\n                            <div class=\"row\">\r\n\r\n                                                                           \r\n                                <div class=\"col-md-6\">\r\n                                    <!-- Bizzen Iconic Box -->\r\n                                    <div class=\"bizzen-iconic-box style-one mb-40\" data-aos=\"fade-up\" data-aos-duration=\"800\">\r\n                                        <div class=\"icon\">\r\n                                           <img decoding=\"async\" src=\"https:\/\/www.wecoffice.com\/wp-content\/uploads\/2025\/09\/icon7.svg\" alt=\"\">\r\n                                        <\/div>\r\n                                        <div class=\"content\">\r\n                                            <h4>Consulting Partnership<\/h4>\r\n                                            <p>Dan\u0131\u015fmanlar\u0131m\u0131za esnek i\u015f modeli ile profesyonel destek sunuyoruz.\n\n<\/p>\r\n                                        <\/div>\r\n                                    <\/div>\r\n                                <\/div>\r\n                                                                            \r\n                                <div class=\"col-md-6\">\r\n                                    <!-- Bizzen Iconic Box -->\r\n                                    <div class=\"bizzen-iconic-box style-one mb-40\" data-aos=\"fade-up\" data-aos-duration=\"800\">\r\n                                        <div class=\"icon\">\r\n                                           <img decoding=\"async\" src=\"https:\/\/www.wecoffice.com\/wp-content\/uploads\/2025\/09\/icon8.svg\" alt=\"\">\r\n                                        <\/div>\r\n                                        <div class=\"content\">\r\n                                            <h4>Ticari Depo ve Antrepolar<\/h4>\r\n                                            <p>\u0130\u015fletmeler i\u00e7in stratejik ve modern depolar sunuyoruz.\n<\/p>\r\n                                        <\/div>\r\n                                    <\/div>\r\n                                <\/div>\r\n                                                                            \r\n                                <div class=\"col-md-6\">\r\n                                    <!-- Bizzen Iconic Box -->\r\n                                    <div class=\"bizzen-iconic-box style-one mb-40\" data-aos=\"fade-up\" data-aos-duration=\"800\">\r\n                                        <div class=\"icon\">\r\n                                           <img decoding=\"async\" src=\"https:\/\/www.wecoffice.com\/wp-content\/uploads\/2025\/09\/icon9.svg\" alt=\"\">\r\n                                        <\/div>\r\n                                        <div class=\"content\">\r\n                                            <h4>Konut Arsas\u0131 Dan\u0131\u015fmanl\u0131\u011f\u0131<\/h4>\r\n                                            <p>Geli\u015fen b\u00f6lgelerde yat\u0131r\u0131m f\u0131rsatlar\u0131n\u0131 sunuyoruz.\n<\/p>\r\n                                        <\/div>\r\n                                    <\/div>\r\n                                <\/div>\r\n                                                                            \r\n                                <div class=\"col-md-6\">\r\n                                    <!-- Bizzen Iconic Box -->\r\n                                    <div class=\"bizzen-iconic-box style-one mb-40\" data-aos=\"fade-up\" data-aos-duration=\"800\">\r\n                                        <div class=\"icon\">\r\n                                           <img decoding=\"async\" src=\"https:\/\/www.wecoffice.com\/wp-content\/uploads\/2025\/09\/icon10.svg\" alt=\"\">\r\n                                        <\/div>\r\n                                        <div class=\"content\">\r\n                                            <h4>Gayrimenkul De\u011ferlendirme<\/h4>\r\n                                            <p>Her m\u00fclk\u00fcn de\u011ferini do\u011fru analiz ediyoruz.<\/p>\r\n                                        <\/div>\r\n                                    <\/div>\r\n                                <\/div>\r\n                                \r\n                            <\/div>\r\n                        <\/div>\r\n                    <\/div>\r\n                <\/div>\r\n            <\/div>\r\n        <\/section>\r\n\r\n\r\n        \r\n \r\n    \t\t\t\t<\/div>\n\t\t\t\t<\/div>\n\t\t\t\t<\/div>\n\t\t<div class=\"elementor-element elementor-element-ac81eb6 e-con-full e-flex e-con e-parent\" data-id=\"ac81eb6\" data-element_type=\"container\">\n\t\t\t\t<div class=\"elementor-element elementor-element-43bb864 elementor-widget elementor-widget-services\" data-id=\"43bb864\" data-element_type=\"widget\" data-widget_type=\"services.default\">\n\t\t\t\t<div class=\"elementor-widget-container\">\n\t\t\t\t\t\r\n                 \r\n\r\n        <section class=\"bizzen-service_one pt-115 pb-115 bg_cover\" style=\"background-image: url(https:\/\/www.wecoffice.com\/wp-content\/uploads\/2025\/09\/service-bg.jpg);\" >\r\n            <div class=\"container\">\r\n                               <div class=\"row justify-content-center\">\r\n                    <div class=\"col-xl-6 col-lg-8\">\r\n                        <!--=== Section Title ===-->\r\n                        <div class=\"section-title text-center mb-60\">\r\n                                                         <h2 class=\"text-anm\">Sizin \u0130\u00e7in En Uygun \u00c7\u00f6z\u00fcmleri Ke\u015ffetmek \u0130\u00e7in Bize Ula\u015f\u0131n.<\/h2>                            \r\n                        <\/div>\r\n                    <\/div>\r\n                <\/div>\r\n                                <div class=\"row\">\r\n\r\n                                                                                                                                                                    \r\n                <\/div>\r\n                                 <div class=\"row\">\r\n                    <div class=\"col-lg-12\">\r\n                        <!--=== Text Box ===-->\r\n                        <div class=\"text-box text-center mt-30\" data-aos=\"fade-up\" data-aos-duration=\"1800\">\r\n                            <p>Hemen Dan\u0131\u015f\u0131n, Do\u011fru Yat\u0131r\u0131m\u0131 Yap\u0131n.  <a href=\"\/en\/service\/\">Contact <i class=\"far fa-arrow-right\"><\/i><\/a><\/p>\r\n                        <\/div>\r\n                    <\/div>\r\n                <\/div>\r\n                            <\/div>\r\n        <\/section>\r\n\r\n\r\n\r\n        \r\n    \t\t\t\t<\/div>\n\t\t\t\t<\/div>\n\t\t\t\t<\/div>\n\t\t<div class=\"elementor-element elementor-element-f1691c1 e-con-full e-flex e-con e-parent\" data-id=\"f1691c1\" data-element_type=\"container\">\n\t\t\t\t<div class=\"elementor-element elementor-element-e21dac5 elementor-widget elementor-widget-about\" data-id=\"e21dac5\" data-element_type=\"widget\" data-widget_type=\"about.default\">\n\t\t\t\t<div class=\"elementor-widget-container\">\n\t\t\t\t\t\r\n        \r\n        <section class=\"bizzen-we_two pt-120 pb-120\">\r\n            <div class=\"container\">\r\n                <div class=\"row justify-content-center\">\r\n                    <div class=\"col-xl-5 col-lg-10\">\r\n                        <!--=== Bizzen Image Box ===-->\r\n                        <div class=\"bizzen-image-box mb-5 mb-xl-0\">\r\n                            <div class=\"bizzen-image image-one\" data-aos=\"fade-up\" data-aos-duration=\"1000\">\r\n                                <img decoding=\"async\" src=\"\" alt=\"\">\r\n                            <\/div>\r\n                            <div class=\"bizzen-image image-two\" data-aos=\"fade-up\" data-aos-duration=\"1200\">\r\n                               <img decoding=\"async\" src=\"\" alt=\"\">\r\n                            <\/div>\r\n                        <\/div>\r\n                    <\/div>\r\n                    <div class=\"col-xl-7 col-lg-10\">\r\n                        <!--=== Bizzen Content Box ===-->\r\n                        <div class=\"bizzen-content-box\">\r\n                                                         <!--=== Section Title ===-->\r\n                            <div class=\"section-title mb-30\">\r\n                                                                 <span class=\"sub-title\" data-aos=\"fade-down\" data-aos-duration=\"1000\">WeC'office<\/span>\r\n                                                                <h2 class=\"text-anm\">Profesyonel ekibimizle, ihtiya\u00e7lar\u0131n\u0131za \u00f6zel \u00e7\u00f6z\u00fcmler \u00fcretir, s\u00fcre\u00e7leri \u015feffaf ve h\u0131zl\u0131 bir \u015fekilde y\u00f6netiriz.\n<\/h2>                                \r\n                            <\/div>\r\n                                                        <div class=\"content-wrap\">\r\n                                                                <p data-aos=\"fade-up\" data-aos-duration=\"1200\">WeC\u2019office olarak Kocaeli ve \u00e7evresinde gayrimenkul sekt\u00f6r\u00fcnde kapsaml\u0131 hizmetler sunuyoruz. Amac\u0131m\u0131z, m\u00fc\u015fterilerimizin ihtiya\u00e7lar\u0131n\u0131 en do\u011fru \u015fekilde analiz etmek, onlara g\u00fcvenilir ve profesyonel \u00e7\u00f6z\u00fcmler sunmak ve yat\u0131r\u0131m s\u00fcre\u00e7lerini kolayla\u015ft\u0131rmakt\u0131r.<\/p>\r\n                                                                <div class=\"bizzen-iconic-left-box style-one mb-30\" data-aos=\"fade-up\" data-aos-duration=\"1400\">\r\n                                    <div class=\"icon\">\r\n                                       <img decoding=\"async\" src=\"https:\/\/www.wecoffice.com\/wp-content\/uploads\/2025\/12\/calling-icon.svg\" alt=\"\">\r\n                                    <\/div>\r\n                                    <div class=\"content\">\r\n                                                                                 <h3>Profesyonel Destek \u0130\u00e7in Bizimle \u0130leti\u015fime Ge\u00e7in. <\/h3>\r\n                                                                                                                    <\/div>\r\n                                <\/div>\r\n                                <div class=\"bizzen-text-box\" data-aos=\"fade-up\" data-aos-duration=\"1600\">\r\n                                                                                                        <\/div>\r\n                            <\/div>\r\n                            <div class=\"bizzen-button mt-30\" data-aos=\"fade-up\" data-aos-duration=\"1800\">\r\n                                <a href=\"https:\/\/www.wecoffice.com\/en\/hakkimizda\/\" target=\"_self\" rel=\"nofollow\" class=\"theme-btn style-one\">Contact<i class=\"far fa-arrow-right\"><\/i><\/a>\r\n                            <\/div>\r\n                        <\/div>\r\n                    <\/div>\r\n                <\/div>\r\n            <\/div>\r\n        <\/section>\r\n\r\n\r\n        \r\n    \t\t\t\t<\/div>\n\t\t\t\t<\/div>\n\t\t\t\t<\/div>\n\t\t\t\t<\/div>","protected":false},"excerpt":{"rendered":"<p>WE C\u2019OFFICE Profesyonel Gayrimenkul \u00c7\u00f6z\u00fcmlerimiz Ba\u011f\u0131ml\u0131 Ba\u011f\u0131ms\u0131z Dan\u0131\u015fman \u0130\u015f Ortakl\u0131\u011f\u0131 Profesyonel i\u015f ortakl\u0131\u011f\u0131 modeli ile m\u00fc\u015fterilerimize esnek ve g\u00fcvenilir dan\u0131\u015fmanl\u0131k sunuyoruz. GET STARTED Ticari Depo Antrepolar Stratejik konumlarda ticari depo ve antrepolar sa\u011fl\u0131yor, kiralama ve sat\u0131\u015f s\u00fcre\u00e7lerini y\u00f6netiyoruz. GET STARTED Konut Arsas\u0131 Uygun arsa se\u00e7eneklerini analiz ediyor ve yat\u0131r\u0131mc\u0131ya en do\u011fru f\u0131rsatlar\u0131 sunuyoruz. GET STARTED [&hellip;]<\/p>","protected":false},"author":1,"featured_media":0,"parent":0,"menu_order":0,"comment_status":"closed","ping_status":"closed","template":"elementor_header_footer","meta":{"_acf_changed":false,"footnotes":""},"class_list":["post-2525","page","type-page","status-publish","hentry"],"acf":[],"_links":{"self":[{"href":"https:\/\/www.wecoffice.com\/en\/wp-json\/wp\/v2\/pages\/2525","targetHints":{"allow":["GET"]}}],"collection":[{"href":"https:\/\/www.wecoffice.com\/en\/wp-json\/wp\/v2\/pages"}],"about":[{"href":"https:\/\/www.wecoffice.com\/en\/wp-json\/wp\/v2\/types\/page"}],"author":[{"embeddable":true,"href":"https:\/\/www.wecoffice.com\/en\/wp-json\/wp\/v2\/users\/1"}],"replies":[{"embeddable":true,"href":"https:\/\/www.wecoffice.com\/en\/wp-json\/wp\/v2\/comments?post=2525"}],"version-history":[{"count":29,"href":"https:\/\/www.wecoffice.com\/en\/wp-json\/wp\/v2\/pages\/2525\/revisions"}],"predecessor-version":[{"id":4156,"href":"https:\/\/www.wecoffice.com\/en\/wp-json\/wp\/v2\/pages\/2525\/revisions\/4156"}],"wp:attachment":[{"href":"https:\/\/www.wecoffice.com\/en\/wp-json\/wp\/v2\/media?parent=2525"}],"curies":[{"name":"wp","href":"https:\/\/api.w.org\/{rel}","templated":true}]}}